{"id":941,"date":"2024-10-17T15:49:26","date_gmt":"2024-10-17T15:49:26","guid":{"rendered":"https:\/\/openshops.rkinformatika.online\/?page_id=941"},"modified":"2025-02-07T12:16:23","modified_gmt":"2025-02-07T12:16:23","slug":"inicio","status":"publish","type":"page","link":"https:\/\/eskuterapiakager.com\/eu\/","title":{"rendered":"HASIERA"},"content":{"rendered":"\t\t<div data-elementor-type=\"wp-page\" data-elementor-id=\"941\" class=\"elementor elementor-941\" data-elementor-post-type=\"page\">\n\t\t\t\t\t\t<section class=\"elementor-section elementor-top-section elementor-element elementor-element-2ceda46f elementor-section-height-min-height elementor-section-boxed elementor-section-height-default elementor-section-items-middle\" data-id=\"2ceda46f\" data-element_type=\"section\" data-e-type=\"section\" data-settings=\"{&quot;background_background&quot;:&quot;slideshow&quot;,&quot;background_slideshow_gallery&quot;:[{&quot;id&quot;:1885,&quot;url&quot;:&quot;https:\\\/\\\/eskuterapiakager.com\\\/wp-content\\\/uploads\\\/2025\\\/02\\\/2148815318.jpg&quot;},{&quot;id&quot;:1884,&quot;url&quot;:&quot;https:\\\/\\\/eskuterapiakager.com\\\/wp-content\\\/uploads\\\/2025\\\/02\\\/2148815316.jpg&quot;}],&quot;background_slideshow_transition_duration&quot;:1000,&quot;background_slideshow_loop&quot;:&quot;yes&quot;,&quot;background_slideshow_slide_duration&quot;:5000,&quot;background_slideshow_slide_transition&quot;:&quot;fade&quot;}\">\n\t\t\t\t\t\t\t<div class=\"elementor-background-overlay\"><\/div>\n\t\t\t\t\t\t\t<div class=\"elementor-container elementor-column-gap-no\">\n\t\t\t\t\t<div class=\"elementor-column elementor-col-100 elementor-top-column elementor-element elementor-element-21c58e5c\" data-id=\"21c58e5c\" data-element_type=\"column\" data-e-type=\"column\">\n\t\t\t<div class=\"elementor-widget-wrap elementor-element-populated\">\n\t\t\t\t\t\t<div class=\"elementor-element elementor-element-42f39f1c elementor-invisible elementor-widget elementor-widget-heading\" data-id=\"42f39f1c\" data-element_type=\"widget\" data-e-type=\"widget\" data-settings=\"{&quot;_animation&quot;:&quot;zoomIn&quot;}\" data-widget_type=\"heading.default\">\n\t\t\t\t<div class=\"elementor-widget-container\">\n\t\t\t\t\t<h1 class=\"elementor-heading-title elementor-size-default\">Bienvenidos a Esku Terapiak Ager <\/h1>\t\t\t\t<\/div>\n\t\t\t\t<\/div>\n\t\t\t\t<div class=\"elementor-element elementor-element-b0d6e71 elementor-widget-divider--view-line_text elementor-widget-divider--element-align-right elementor-invisible elementor-widget elementor-widget-divider\" data-id=\"b0d6e71\" data-element_type=\"widget\" data-e-type=\"widget\" data-settings=\"{&quot;_animation&quot;:&quot;zoomIn&quot;}\" data-widget_type=\"divider.default\">\n\t\t\t\t<div class=\"elementor-widget-container\">\n\t\t\t\t\t\t\t<div class=\"elementor-divider\">\n\t\t\t<span class=\"elementor-divider-separator\">\n\t\t\t\t\t\t\t<span class=\"elementor-divider__text elementor-divider__element\">\n\t\t\t\tCon 20 a\u00f1os de experiencia\t\t\t\t<\/span>\n\t\t\t\t\t\t<\/span>\n\t\t<\/div>\n\t\t\t\t\t\t<\/div>\n\t\t\t\t<\/div>\n\t\t\t\t<div class=\"elementor-element elementor-element-2953f42a elementor-widget__width-initial elementor-widget-mobile__width-inherit elementor-invisible elementor-widget elementor-widget-text-editor\" data-id=\"2953f42a\" data-element_type=\"widget\" data-e-type=\"widget\" data-settings=\"{&quot;_animation&quot;:&quot;zoomIn&quot;}\" data-widget_type=\"text-editor.default\">\n\t\t\t\t<div class=\"elementor-widget-container\">\n\t\t\t\t\t\t\t\t\t<p>La Acupuntura Coreana nos invita a redescubrir un enfoque olvidado.<\/p>\t\t\t\t\t\t\t\t<\/div>\n\t\t\t\t<\/div>\n\t\t\t\t<section class=\"elementor-section elementor-inner-section elementor-element elementor-element-5200ffaf elementor-section-boxed elementor-section-height-default elementor-section-height-default\" data-id=\"5200ffaf\" data-element_type=\"section\" data-e-type=\"section\">\n\t\t\t\t\t\t<div class=\"elementor-container elementor-column-gap-no\">\n\t\t\t\t\t<div class=\"elementor-column elementor-col-100 elementor-inner-column elementor-element elementor-element-c65b071\" data-id=\"c65b071\" data-element_type=\"column\" data-e-type=\"column\">\n\t\t\t<div class=\"elementor-widget-wrap\">\n\t\t\t\t\t\t\t<\/div>\n\t\t<\/div>\n\t\t\t\t\t<\/div>\n\t\t<\/section>\n\t\t\t\t\t<\/div>\n\t\t<\/div>\n\t\t\t\t\t<\/div>\n\t\t<\/section>\n\t\t\t\t<section class=\"elementor-section elementor-top-section elementor-element elementor-element-4c97510d elementor-section-content-middle elementor-section-boxed elementor-section-height-default elementor-section-height-default\" data-id=\"4c97510d\" data-element_type=\"section\" data-e-type=\"section\" data-settings=\"{&quot;background_background&quot;:&quot;classic&quot;}\">\n\t\t\t\t\t\t<div class=\"elementor-container elementor-column-gap-no\">\n\t\t\t\t\t<div class=\"elementor-column elementor-col-50 elementor-top-column elementor-element elementor-element-37bb1425\" data-id=\"37bb1425\" data-element_type=\"column\" data-e-type=\"column\">\n\t\t\t<div class=\"elementor-widget-wrap elementor-element-populated\">\n\t\t\t\t\t\t<section class=\"elementor-section elementor-inner-section elementor-element elementor-element-6b04b859 elementor-section-boxed elementor-section-height-default elementor-section-height-default\" data-id=\"6b04b859\" data-element_type=\"section\" data-e-type=\"section\" data-settings=\"{&quot;background_background&quot;:&quot;classic&quot;}\">\n\t\t\t\t\t\t\t<div class=\"elementor-background-overlay\"><\/div>\n\t\t\t\t\t\t\t<div class=\"elementor-container elementor-column-gap-no\">\n\t\t\t\t\t<div class=\"elementor-column elementor-col-100 elementor-inner-column elementor-element elementor-element-505014f4 elementor-invisible\" data-id=\"505014f4\" data-element_type=\"column\" data-e-type=\"column\" data-settings=\"{&quot;background_background&quot;:&quot;classic&quot;,&quot;animation&quot;:&quot;fadeInRight&quot;}\">\n\t\t\t<div class=\"elementor-widget-wrap elementor-element-populated\">\n\t\t\t\t\t\t<div class=\"elementor-element elementor-element-5a255791 elementor-widget elementor-widget-heading\" data-id=\"5a255791\" data-element_type=\"widget\" data-e-type=\"widget\" data-widget_type=\"heading.default\">\n\t\t\t\t<div class=\"elementor-widget-container\">\n\t\t\t\t\t<h2 class=\"elementor-heading-title elementor-size-default\">Historia<\/h2>\t\t\t\t<\/div>\n\t\t\t\t<\/div>\n\t\t\t\t<div class=\"elementor-element elementor-element-40bf7b26 elementor-widget elementor-widget-text-editor\" data-id=\"40bf7b26\" data-element_type=\"widget\" data-e-type=\"widget\" data-widget_type=\"text-editor.default\">\n\t\t\t\t<div class=\"elementor-widget-container\">\n\t\t\t\t\t\t\t\t\t<p>\u00a0<\/p><p>Seg\u00fan los textos antiguos, Corea inici\u00f3 el tratamiento con acupuntura en la Edad de Piedra (3000 a.C.). Desde entonces, los conocimientos m\u00e9dicos se han ido desarrollando fieles a la medicina tradicional, que considera el cuerpo humano como una unidad, y al ser humano relacionado con los movimientos de la naturaleza. El avance ha sido progresivo a trav\u00e9s del tiempo. Desde hace m\u00e1s de cuatro siglos que se aplica la Teor\u00eda de los Cinco Elementos en acupuntura y moxibusti\u00f3n, m\u00e1s tarde se desarrollaron las Cuatro Constituciones y las Ocho Constituciones. Recientemente, durante el \u00faltimo siglo, se descubren en las manos los micromeridianos y as\u00ed nace la Manopuntura Coreana con resultados cl\u00ednicos excelentes. Todos los tratamientos mencionados se aplican seg\u00fan la constituci\u00f3n individual.<\/p>\t\t\t\t\t\t\t\t<\/div>\n\t\t\t\t<\/div>\n\t\t\t\t<div class=\"elementor-element elementor-element-4952c455 elementor-align-center elementor-widget elementor-widget-button\" data-id=\"4952c455\" data-element_type=\"widget\" data-e-type=\"widget\" data-widget_type=\"button.default\">\n\t\t\t\t<div class=\"elementor-widget-container\">\n\t\t\t\t\t\t\t\t\t<div class=\"elementor-button-wrapper\">\n\t\t\t\t\t<a class=\"elementor-button elementor-button-link elementor-size-sm elementor-animation-float\" href=\"https:\/\/eskuterapiakager.com\/servicios\/\">\n\t\t\t\t\t\t<span class=\"elementor-button-content-wrapper\">\n\t\t\t\t\t\t\t\t\t<span class=\"elementor-button-text\">Saber M\u00e1s<\/span>\n\t\t\t\t\t<\/span>\n\t\t\t\t\t<\/a>\n\t\t\t\t<\/div>\n\t\t\t\t\t\t\t\t<\/div>\n\t\t\t\t<\/div>\n\t\t\t\t\t<\/div>\n\t\t<\/div>\n\t\t\t\t\t<\/div>\n\t\t<\/section>\n\t\t\t\t\t<\/div>\n\t\t<\/div>\n\t\t\t\t<div class=\"elementor-column elementor-col-50 elementor-top-column elementor-element elementor-element-429b18ab elementor-invisible\" data-id=\"429b18ab\" data-element_type=\"column\" data-e-type=\"column\" data-settings=\"{&quot;animation&quot;:&quot;fadeInLeft&quot;,&quot;animation_delay&quot;:300}\">\n\t\t\t<div class=\"elementor-widget-wrap elementor-element-populated\">\n\t\t\t\t\t\t<div class=\"elementor-element elementor-element-15c43cc1 elementor-widget elementor-widget-image\" data-id=\"15c43cc1\" data-element_type=\"widget\" data-e-type=\"widget\" data-widget_type=\"image.default\">\n\t\t\t\t<div class=\"elementor-widget-container\">\n\t\t\t\t\t\t\t\t\t\t\t\t\t\t\t<img decoding=\"async\" src=\"https:\/\/eskuterapiakager.com\/wp-content\/uploads\/elementor\/thumbs\/2148824045-r105p7g6ctlixo8j5hx22g03vab47mw66ej677vecw.jpg\" title=\"2148824045\" alt=\"2148824045\" loading=\"lazy\" \/>\t\t\t\t\t\t\t\t\t\t\t\t\t\t\t<\/div>\n\t\t\t\t<\/div>\n\t\t\t\t\t<\/div>\n\t\t<\/div>\n\t\t\t\t\t<\/div>\n\t\t<\/section>\n\t\t\t\t<section class=\"elementor-section elementor-top-section elementor-element elementor-element-2ee96431 elementor-section-boxed elementor-section-height-default elementor-section-height-default\" data-id=\"2ee96431\" data-element_type=\"section\" data-e-type=\"section\" data-settings=\"{&quot;background_background&quot;:&quot;classic&quot;}\">\n\t\t\t\t\t\t\t<div class=\"elementor-background-overlay\"><\/div>\n\t\t\t\t\t\t\t<div class=\"elementor-container elementor-column-gap-no\">\n\t\t\t\t\t<div class=\"elementor-column elementor-col-100 elementor-top-column elementor-element elementor-element-5f1a4080\" data-id=\"5f1a4080\" data-element_type=\"column\" data-e-type=\"column\" data-settings=\"{&quot;background_background&quot;:&quot;classic&quot;}\">\n\t\t\t<div class=\"elementor-widget-wrap elementor-element-populated\">\n\t\t\t\t\t\t<div class=\"elementor-element elementor-element-4c04fdc6 elementor-invisible elementor-widget elementor-widget-heading\" data-id=\"4c04fdc6\" data-element_type=\"widget\" data-e-type=\"widget\" data-settings=\"{&quot;_animation&quot;:&quot;zoomIn&quot;}\" data-widget_type=\"heading.default\">\n\t\t\t\t<div class=\"elementor-widget-container\">\n\t\t\t\t\t<h2 class=\"elementor-heading-title elementor-size-default\">Un Enfoque Hol\u00edstico y Personalizado para el Equilibrio del Cuerpo.<\/h2>\t\t\t\t<\/div>\n\t\t\t\t<\/div>\n\t\t\t\t<div class=\"elementor-element elementor-element-e3b91d5 elementor-invisible elementor-widget elementor-widget-heading\" data-id=\"e3b91d5\" data-element_type=\"widget\" data-e-type=\"widget\" data-settings=\"{&quot;_animation&quot;:&quot;zoomIn&quot;}\" data-widget_type=\"heading.default\">\n\t\t\t\t<div class=\"elementor-widget-container\">\n\t\t\t\t\t<h3 class=\"elementor-heading-title elementor-size-default\">El estudio de la Acupuntura Coreana nos ofrece entrar en un espacio casi nuevo por lo olvidado que est\u00e1. Este espacio es la consideraci\u00f3n del cuerpo humano como una unidad, a cada persona como un ser \u00fanico, hol\u00edstico, que forma parte de la naturaleza y es sensible a los movimientos del medio ambiente. Despu\u00e9s de elaborar un completo diagn\u00f3stico que viene determinado por la observaci\u00f3n de las caracter\u00edsticas de cada persona se aplican tratamientos individualizados, por tanto, una misma dolencia tiene procedimientos diferentes en cada individuo, pues no depende del s\u00edndrome, sino de la constituci\u00f3n individual.<\/h3>\t\t\t\t<\/div>\n\t\t\t\t<\/div>\n\t\t\t\t<div class=\"elementor-element elementor-element-a6cd98e elementor-align-center elementor-invisible elementor-widget elementor-widget-button\" data-id=\"a6cd98e\" data-element_type=\"widget\" data-e-type=\"widget\" data-settings=\"{&quot;_animation&quot;:&quot;zoomIn&quot;}\" data-widget_type=\"button.default\">\n\t\t\t\t<div class=\"elementor-widget-container\">\n\t\t\t\t\t\t\t\t\t<div class=\"elementor-button-wrapper\">\n\t\t\t\t\t<a class=\"elementor-button elementor-button-link elementor-size-sm elementor-animation-hang\" href=\"https:\/\/eskuterapiakager.com\/contacto\/\">\n\t\t\t\t\t\t<span class=\"elementor-button-content-wrapper\">\n\t\t\t\t\t\t\t\t\t<span class=\"elementor-button-text\">Cont\u00e1ctenos<\/span>\n\t\t\t\t\t<\/span>\n\t\t\t\t\t<\/a>\n\t\t\t\t<\/div>\n\t\t\t\t\t\t\t\t<\/div>\n\t\t\t\t<\/div>\n\t\t\t\t\t<\/div>\n\t\t<\/div>\n\t\t\t\t\t<\/div>\n\t\t<\/section>\n\t\t\t\t<\/div>\n\t\t","protected":false},"excerpt":{"rendered":"<p>Bienvenidos a Esku Terapiak Ager Con 20 a\u00f1os de experiencia La Acupuntura Coreana nos invita a redescubrir un enfoque olvidado. Historia \u00a0 Seg\u00fan los textos antiguos, Corea inici\u00f3 el tratamiento con acupuntura en la Edad de Piedra (3000 a.C.). Desde entonces, los conocimientos m\u00e9dicos se han ido desarrollando fieles a la medicina tradicional, que considera [&hellip;]<\/p>\n","protected":false},"author":3,"featured_media":0,"parent":0,"menu_order":0,"comment_status":"closed","ping_status":"closed","template":"elementor_canvas","meta":{"footnotes":""},"class_list":["post-941","page","type-page","status-publish","hentry"],"yoast_head":"<!-- This site is optimized with the Yoast SEO plugin v27.5 - https:\/\/yoast.com\/product\/yoast-seo-wordpress\/ -->\n<title>Inicio - Esku Terapiak Ager<\/title>\n<meta name=\"robots\" content=\"index, follow, max-snippet:-1, max-image-preview:large, max-video-preview:-1\" \/>\n<link rel=\"canonical\" href=\"https:\/\/eskuterapiakager.com\/eu\/\" \/>\n<meta property=\"og:locale\" content=\"en_US\" \/>\n<meta property=\"og:type\" content=\"article\" \/>\n<meta property=\"og:title\" content=\"Inicio - Esku Terapiak Ager\" \/>\n<meta property=\"og:description\" content=\"Bienvenidos a Esku Terapiak Ager Con 20 a\u00f1os de experiencia La Acupuntura Coreana nos invita a redescubrir un enfoque olvidado. Historia \u00a0 Seg\u00fan los textos antiguos, Corea inici\u00f3 el tratamiento con acupuntura en la Edad de Piedra (3000 a.C.). Desde entonces, los conocimientos m\u00e9dicos se han ido desarrollando fieles a la medicina tradicional, que considera [&hellip;]\" \/>\n<meta property=\"og:url\" content=\"https:\/\/eskuterapiakager.com\/eu\/\" \/>\n<meta property=\"og:site_name\" content=\"Esku Terapiak Ager\" \/>\n<meta property=\"article:modified_time\" content=\"2025-02-07T12:16:23+00:00\" \/>\n<meta property=\"og:image\" content=\"https:\/\/eskuterapiakager.com\/wp-content\/uploads\/elementor\/thumbs\/2148824045-r105p7g6ctlixo8j5hx22g03vab47mw66ej677vecw.jpg\" \/>\n<meta name=\"twitter:card\" content=\"summary_large_image\" \/>\n<meta name=\"twitter:label1\" content=\"Est. reading time\" \/>\n\t<meta name=\"twitter:data1\" content=\"2 minutua\" \/>\n<script type=\"application\/ld+json\" class=\"yoast-schema-graph\">{\"@context\":\"https:\\\/\\\/schema.org\",\"@graph\":[{\"@type\":\"WebPage\",\"@id\":\"https:\\\/\\\/eskuterapiakager.com\\\/\",\"url\":\"https:\\\/\\\/eskuterapiakager.com\\\/\",\"name\":\"Inicio - Esku Terapiak Ager\",\"isPartOf\":{\"@id\":\"https:\\\/\\\/eskuterapiakager.com\\\/#website\"},\"primaryImageOfPage\":{\"@id\":\"https:\\\/\\\/eskuterapiakager.com\\\/#primaryimage\"},\"image\":{\"@id\":\"https:\\\/\\\/eskuterapiakager.com\\\/#primaryimage\"},\"thumbnailUrl\":\"https:\\\/\\\/eskuterapiakager.com\\\/wp-content\\\/uploads\\\/elementor\\\/thumbs\\\/2148824045-r105p7g6ctlixo8j5hx22g03vab47mw66ej677vecw.jpg\",\"datePublished\":\"2024-10-17T15:49:26+00:00\",\"dateModified\":\"2025-02-07T12:16:23+00:00\",\"breadcrumb\":{\"@id\":\"https:\\\/\\\/eskuterapiakager.com\\\/#breadcrumb\"},\"inLanguage\":\"eu\",\"potentialAction\":[{\"@type\":\"ReadAction\",\"target\":[\"https:\\\/\\\/eskuterapiakager.com\\\/\"]}]},{\"@type\":\"ImageObject\",\"inLanguage\":\"eu\",\"@id\":\"https:\\\/\\\/eskuterapiakager.com\\\/#primaryimage\",\"url\":\"https:\\\/\\\/eskuterapiakager.com\\\/wp-content\\\/uploads\\\/elementor\\\/thumbs\\\/2148824045-r105p7g6ctlixo8j5hx22g03vab47mw66ej677vecw.jpg\",\"contentUrl\":\"https:\\\/\\\/eskuterapiakager.com\\\/wp-content\\\/uploads\\\/elementor\\\/thumbs\\\/2148824045-r105p7g6ctlixo8j5hx22g03vab47mw66ej677vecw.jpg\"},{\"@type\":\"BreadcrumbList\",\"@id\":\"https:\\\/\\\/eskuterapiakager.com\\\/#breadcrumb\",\"itemListElement\":[{\"@type\":\"ListItem\",\"position\":1,\"name\":\"Portada\",\"item\":\"https:\\\/\\\/eskuterapiakager.com\\\/\"},{\"@type\":\"ListItem\",\"position\":2,\"name\":\"Inicio\"}]},{\"@type\":\"WebSite\",\"@id\":\"https:\\\/\\\/eskuterapiakager.com\\\/#website\",\"url\":\"https:\\\/\\\/eskuterapiakager.com\\\/\",\"name\":\"Esku Terapiak Ager\",\"description\":\"Acupuntura Coreana\",\"publisher\":{\"@id\":\"https:\\\/\\\/eskuterapiakager.com\\\/#organization\"},\"potentialAction\":[{\"@type\":\"SearchAction\",\"target\":{\"@type\":\"EntryPoint\",\"urlTemplate\":\"https:\\\/\\\/eskuterapiakager.com\\\/?s={search_term_string}\"},\"query-input\":{\"@type\":\"PropertyValueSpecification\",\"valueRequired\":true,\"valueName\":\"search_term_string\"}}],\"inLanguage\":\"eu\"},{\"@type\":\"Organization\",\"@id\":\"https:\\\/\\\/eskuterapiakager.com\\\/#organization\",\"name\":\"Esku Terapiak Ager\",\"url\":\"https:\\\/\\\/eskuterapiakager.com\\\/\",\"logo\":{\"@type\":\"ImageObject\",\"inLanguage\":\"eu\",\"@id\":\"https:\\\/\\\/eskuterapiakager.com\\\/#\\\/schema\\\/logo\\\/image\\\/\",\"url\":\"https:\\\/\\\/eskuterapiakager.com\\\/wp-content\\\/uploads\\\/2024\\\/10\\\/cropped-Esku-Terapiak-Ager-1.png\",\"contentUrl\":\"https:\\\/\\\/eskuterapiakager.com\\\/wp-content\\\/uploads\\\/2024\\\/10\\\/cropped-Esku-Terapiak-Ager-1.png\",\"width\":500,\"height\":187,\"caption\":\"Esku Terapiak Ager\"},\"image\":{\"@id\":\"https:\\\/\\\/eskuterapiakager.com\\\/#\\\/schema\\\/logo\\\/image\\\/\"}}]}<\/script>\n<!-- \/ Yoast SEO plugin. -->","yoast_head_json":{"title":"Inicio - Esku Terapiak Ager","robots":{"index":"index","follow":"follow","max-snippet":"max-snippet:-1","max-image-preview":"max-image-preview:large","max-video-preview":"max-video-preview:-1"},"canonical":"https:\/\/eskuterapiakager.com\/eu\/","og_locale":"en_US","og_type":"article","og_title":"Inicio - Esku Terapiak Ager","og_description":"Bienvenidos a Esku Terapiak Ager Con 20 a\u00f1os de experiencia La Acupuntura Coreana nos invita a redescubrir un enfoque olvidado. Historia \u00a0 Seg\u00fan los textos antiguos, Corea inici\u00f3 el tratamiento con acupuntura en la Edad de Piedra (3000 a.C.). Desde entonces, los conocimientos m\u00e9dicos se han ido desarrollando fieles a la medicina tradicional, que considera [&hellip;]","og_url":"https:\/\/eskuterapiakager.com\/eu\/","og_site_name":"Esku Terapiak Ager","article_modified_time":"2025-02-07T12:16:23+00:00","og_image":[{"url":"https:\/\/eskuterapiakager.com\/wp-content\/uploads\/elementor\/thumbs\/2148824045-r105p7g6ctlixo8j5hx22g03vab47mw66ej677vecw.jpg","type":"","width":"","height":""}],"twitter_card":"summary_large_image","twitter_misc":{"Est. reading time":"2 minutua"},"schema":{"@context":"https:\/\/schema.org","@graph":[{"@type":"WebPage","@id":"https:\/\/eskuterapiakager.com\/","url":"https:\/\/eskuterapiakager.com\/","name":"Inicio - Esku Terapiak Ager","isPartOf":{"@id":"https:\/\/eskuterapiakager.com\/#website"},"primaryImageOfPage":{"@id":"https:\/\/eskuterapiakager.com\/#primaryimage"},"image":{"@id":"https:\/\/eskuterapiakager.com\/#primaryimage"},"thumbnailUrl":"https:\/\/eskuterapiakager.com\/wp-content\/uploads\/elementor\/thumbs\/2148824045-r105p7g6ctlixo8j5hx22g03vab47mw66ej677vecw.jpg","datePublished":"2024-10-17T15:49:26+00:00","dateModified":"2025-02-07T12:16:23+00:00","breadcrumb":{"@id":"https:\/\/eskuterapiakager.com\/#breadcrumb"},"inLanguage":"eu","potentialAction":[{"@type":"ReadAction","target":["https:\/\/eskuterapiakager.com\/"]}]},{"@type":"ImageObject","inLanguage":"eu","@id":"https:\/\/eskuterapiakager.com\/#primaryimage","url":"https:\/\/eskuterapiakager.com\/wp-content\/uploads\/elementor\/thumbs\/2148824045-r105p7g6ctlixo8j5hx22g03vab47mw66ej677vecw.jpg","contentUrl":"https:\/\/eskuterapiakager.com\/wp-content\/uploads\/elementor\/thumbs\/2148824045-r105p7g6ctlixo8j5hx22g03vab47mw66ej677vecw.jpg"},{"@type":"BreadcrumbList","@id":"https:\/\/eskuterapiakager.com\/#breadcrumb","itemListElement":[{"@type":"ListItem","position":1,"name":"Portada","item":"https:\/\/eskuterapiakager.com\/"},{"@type":"ListItem","position":2,"name":"Inicio"}]},{"@type":"WebSite","@id":"https:\/\/eskuterapiakager.com\/#website","url":"https:\/\/eskuterapiakager.com\/","name":"Esku Terapiak Ager","description":"Acupuntura Coreana","publisher":{"@id":"https:\/\/eskuterapiakager.com\/#organization"},"potentialAction":[{"@type":"SearchAction","target":{"@type":"EntryPoint","urlTemplate":"https:\/\/eskuterapiakager.com\/?s={search_term_string}"},"query-input":{"@type":"PropertyValueSpecification","valueRequired":true,"valueName":"search_term_string"}}],"inLanguage":"eu"},{"@type":"Organization","@id":"https:\/\/eskuterapiakager.com\/#organization","name":"Esku Terapiak Ager","url":"https:\/\/eskuterapiakager.com\/","logo":{"@type":"ImageObject","inLanguage":"eu","@id":"https:\/\/eskuterapiakager.com\/#\/schema\/logo\/image\/","url":"https:\/\/eskuterapiakager.com\/wp-content\/uploads\/2024\/10\/cropped-Esku-Terapiak-Ager-1.png","contentUrl":"https:\/\/eskuterapiakager.com\/wp-content\/uploads\/2024\/10\/cropped-Esku-Terapiak-Ager-1.png","width":500,"height":187,"caption":"Esku Terapiak Ager"},"image":{"@id":"https:\/\/eskuterapiakager.com\/#\/schema\/logo\/image\/"}}]}},"_links":{"self":[{"href":"https:\/\/eskuterapiakager.com\/eu\/wp-json\/wp\/v2\/pages\/941","targetHints":{"allow":["GET"]}}],"collection":[{"href":"https:\/\/eskuterapiakager.com\/eu\/wp-json\/wp\/v2\/pages"}],"about":[{"href":"https:\/\/eskuterapiakager.com\/eu\/wp-json\/wp\/v2\/types\/page"}],"author":[{"embeddable":true,"href":"https:\/\/eskuterapiakager.com\/eu\/wp-json\/wp\/v2\/users\/3"}],"replies":[{"embeddable":true,"href":"https:\/\/eskuterapiakager.com\/eu\/wp-json\/wp\/v2\/comments?post=941"}],"version-history":[{"count":610,"href":"https:\/\/eskuterapiakager.com\/eu\/wp-json\/wp\/v2\/pages\/941\/revisions"}],"predecessor-version":[{"id":2042,"href":"https:\/\/eskuterapiakager.com\/eu\/wp-json\/wp\/v2\/pages\/941\/revisions\/2042"}],"wp:attachment":[{"href":"https:\/\/eskuterapiakager.com\/eu\/wp-json\/wp\/v2\/media?parent=941"}],"curies":[{"name":"wp","href":"https:\/\/api.w.org\/{rel}","templated":true}]}}