{"id":14,"date":"2024-10-16T14:42:23","date_gmt":"2024-10-16T14:42:23","guid":{"rendered":"https:\/\/openshops.rkinformatika.online\/?page_id=14"},"modified":"2025-02-12T16:19:56","modified_gmt":"2025-02-12T16:19:56","slug":"servicios","status":"publish","type":"page","link":"https:\/\/eskuterapiakager.com\/eu\/servicios\/","title":{"rendered":"ZERBITZUAK"},"content":{"rendered":"<div data-elementor-type=\"wp-page\" data-elementor-id=\"14\" class=\"elementor elementor-14\" data-elementor-post-type=\"page\">\n\t\t\t\t<div class=\"elementor-element elementor-element-332f95a e-con-full e-flex e-con e-parent\" data-id=\"332f95a\" data-element_type=\"container\" data-e-type=\"container\" data-settings=\"{&quot;background_background&quot;:&quot;classic&quot;}\">\n\t\t<div class=\"elementor-element elementor-element-9bc7600 e-con-full e-flex e-con e-child\" data-id=\"9bc7600\" data-element_type=\"container\" data-e-type=\"container\">\n\t\t\t\t<div class=\"elementor-element elementor-element-1927d46 elementor-invisible elementor-widget elementor-widget-heading\" data-id=\"1927d46\" data-element_type=\"widget\" data-e-type=\"widget\" data-settings=\"{&quot;_animation&quot;:&quot;zoomIn&quot;}\" data-widget_type=\"heading.default\">\n\t\t\t\t<div class=\"elementor-widget-container\">\n\t\t\t\t\t<h1 class=\"elementor-heading-title elementor-size-default\">Tratamientos personalizados para cada persona<\/h1>\t\t\t\t<\/div>\n\t\t\t\t<\/div>\n\t\t<div class=\"elementor-element elementor-element-eaeebf3 e-con-full e-flex e-con e-child\" data-id=\"eaeebf3\" data-element_type=\"container\" data-e-type=\"container\">\n\t\t\t\t<div class=\"elementor-element elementor-element-53bb06a9 elementor-align-right elementor-widget__width-auto elementor-mobile-align-justify elementor-widget-mobile__width-initial elementor-tablet-align-justify elementor-widget-tablet__width-initial elementor-invisible elementor-widget elementor-widget-button\" data-id=\"53bb06a9\" data-element_type=\"widget\" data-e-type=\"widget\" data-settings=\"{&quot;_animation&quot;:&quot;fadeInLeft&quot;}\" data-widget_type=\"button.default\">\n\t\t\t\t<div class=\"elementor-widget-container\">\n\t\t\t\t\t\t\t\t\t<div class=\"elementor-button-wrapper\">\n\t\t\t\t\t<a class=\"elementor-button elementor-button-link elementor-size-sm elementor-animation-grow\" href=\"https:\/\/eskuterapiakager.com\/eu\/contacto\/\">\n\t\t\t\t\t\t<span class=\"elementor-button-content-wrapper\">\n\t\t\t\t\t\t\t\t\t<span class=\"elementor-button-text\">llamanos<\/span>\n\t\t\t\t\t<\/span>\n\t\t\t\t\t<\/a>\n\t\t\t\t<\/div>\n\t\t\t\t\t\t\t\t<\/div>\n\t\t\t\t<\/div>\n\t\t\t\t<\/div>\n\t\t\t\t<\/div>\n\t\t\t\t<\/div>\n\t\t<div class=\"elementor-element elementor-element-6209a8d5 e-con-full e-flex e-con e-parent\" data-id=\"6209a8d5\" data-element_type=\"container\" data-e-type=\"container\" data-settings=\"{&quot;background_background&quot;:&quot;classic&quot;}\">\n\t\t<div class=\"elementor-element elementor-element-3c64ac2f e-flex e-con-boxed e-con e-child\" data-id=\"3c64ac2f\" data-element_type=\"container\" data-e-type=\"container\">\n\t\t\t\t\t<div class=\"e-con-inner\">\n\t\t\t\t<div class=\"elementor-element elementor-element-4afc8152 elementor-invisible elementor-widget elementor-widget-heading\" data-id=\"4afc8152\" data-element_type=\"widget\" data-e-type=\"widget\" data-settings=\"{&quot;_animation&quot;:&quot;zoomIn&quot;}\" data-widget_type=\"heading.default\">\n\t\t\t\t<div class=\"elementor-widget-container\">\n\t\t\t\t\t<p class=\"elementor-heading-title elementor-size-default\">Nuestros servicios<\/p>\t\t\t\t<\/div>\n\t\t\t\t<\/div>\n\t\t\t\t<div class=\"elementor-element elementor-element-14ea4f03 elementor-widget__width-initial elementor-invisible elementor-widget elementor-widget-heading\" data-id=\"14ea4f03\" data-element_type=\"widget\" data-e-type=\"widget\" data-settings=\"{&quot;_animation&quot;:&quot;fadeInUp&quot;}\" data-widget_type=\"heading.default\">\n\t\t\t\t<div class=\"elementor-widget-container\">\n\t\t\t\t\t<h2 class=\"elementor-heading-title elementor-size-default\">Esku Terapiak Ager , Equilibrio y bienestar a trav\u00e9s de la Acupuntura Coreana<\/h2>\t\t\t\t<\/div>\n\t\t\t\t<\/div>\n\t\t\t\t\t<\/div>\n\t\t\t\t<\/div>\n\t\t<div class=\"elementor-element elementor-element-28d95779 e-con-full e-flex e-con e-child\" data-id=\"28d95779\" data-element_type=\"container\" data-e-type=\"container\">\n\t\t<div class=\"elementor-element elementor-element-691d41cd e-con-full e-flex elementor-invisible e-con e-child\" data-id=\"691d41cd\" data-element_type=\"container\" data-e-type=\"container\" data-settings=\"{&quot;animation&quot;:&quot;fadeInUp&quot;}\">\n\t\t\t\t<div class=\"elementor-element elementor-element-66fa0d84 elementor-cta--layout-image-below elementor-cta--valign-middle elementor-cta--skin-classic elementor-animated-content elementor-bg-transform elementor-bg-transform-zoom-in elementor-widget elementor-widget-call-to-action\" data-id=\"66fa0d84\" data-element_type=\"widget\" data-e-type=\"widget\" data-widget_type=\"call-to-action.default\">\n\t\t\t\t<div class=\"elementor-widget-container\">\n\t\t\t\t\t\t\t<div class=\"elementor-cta\">\n\t\t\t\t\t<div class=\"elementor-cta__bg-wrapper\">\n\t\t\t\t<div class=\"elementor-cta__bg elementor-bg\" style=\"background-image: url(https:\/\/eskuterapiakager.com\/wp-content\/uploads\/elementor\/thumbs\/WhatsApp-Image-2025-02-04-at-17.19.49-e1738767700779-r12bbcgu5ejqns9307e8h8vppfwg35gf2mgb3ag32g.jpeg);\" role=\"img\" aria-label=\"\"><\/div>\n\t\t\t\t<div class=\"elementor-cta__bg-overlay\"><\/div>\n\t\t\t<\/div>\n\t\t\t\t\t\t\t\t<\/div>\n\t\t\t\t\t\t<\/div>\n\t\t\t\t<\/div>\n\t\t\t\t<div class=\"elementor-element elementor-element-aab0419 elementor-widget elementor-widget-heading\" data-id=\"aab0419\" data-element_type=\"widget\" data-e-type=\"widget\" data-widget_type=\"heading.default\">\n\t\t\t\t<div class=\"elementor-widget-container\">\n\t\t\t\t\t<h2 class=\"elementor-heading-title elementor-size-default\">Un enfoque individualizado y profundo<\/h2>\t\t\t\t<\/div>\n\t\t\t\t<\/div>\n\t\t\t\t<div class=\"elementor-element elementor-element-411e5a6 elementor-widget elementor-widget-text-editor\" data-id=\"411e5a6\" data-element_type=\"widget\" data-e-type=\"widget\" data-widget_type=\"text-editor.default\">\n\t\t\t\t<div class=\"elementor-widget-container\">\n\t\t\t\t\t\t\t\t\t<p>Nuestro m\u00e9todo parte de un <strong>diagn\u00f3stico detallado<\/strong>, basado en la observaci\u00f3n minuciosa de las caracter\u00edsticas f\u00edsicas, emocionales y energ\u00e9ticas de cada persona. No tratamos \u00fanicamente los s\u00edntomas, sino que buscamos el origen del desequilibrio para restaurar la armon\u00eda en el organismo.<\/p>\t\t\t\t\t\t\t\t<\/div>\n\t\t\t\t<\/div>\n\t\t\t\t<\/div>\n\t\t<div class=\"elementor-element elementor-element-0779d66 e-con-full e-flex elementor-invisible e-con e-child\" data-id=\"0779d66\" data-element_type=\"container\" data-e-type=\"container\" data-settings=\"{&quot;animation&quot;:&quot;fadeInUp&quot;}\">\n\t\t\t\t<div class=\"elementor-element elementor-element-4024eac elementor-cta--layout-image-below elementor-cta--valign-middle elementor-cta--skin-classic elementor-animated-content elementor-bg-transform elementor-bg-transform-zoom-in elementor-widget elementor-widget-call-to-action\" data-id=\"4024eac\" data-element_type=\"widget\" data-e-type=\"widget\" data-widget_type=\"call-to-action.default\">\n\t\t\t\t<div class=\"elementor-widget-container\">\n\t\t\t\t\t\t\t<div class=\"elementor-cta\">\n\t\t\t\t\t<div class=\"elementor-cta__bg-wrapper\">\n\t\t\t\t<div class=\"elementor-cta__bg elementor-bg\" style=\"background-image: url(https:\/\/eskuterapiakager.com\/wp-content\/uploads\/2025\/02\/WhatsApp-Image-2025-02-04-at-17.09.15.jpeg);\" role=\"img\" aria-label=\"\"><\/div>\n\t\t\t\t<div class=\"elementor-cta__bg-overlay\"><\/div>\n\t\t\t<\/div>\n\t\t\t\t\t\t\t\t<\/div>\n\t\t\t\t\t\t<\/div>\n\t\t\t\t<\/div>\n\t\t\t\t<div class=\"elementor-element elementor-element-a5fcb53 elementor-widget elementor-widget-heading\" data-id=\"a5fcb53\" data-element_type=\"widget\" data-e-type=\"widget\" data-widget_type=\"heading.default\">\n\t\t\t\t<div class=\"elementor-widget-container\">\n\t\t\t\t\t<h2 class=\"elementor-heading-title elementor-size-default\">Tratamientos personalizados para cada persona<\/h2>\t\t\t\t<\/div>\n\t\t\t\t<\/div>\n\t\t\t\t<div class=\"elementor-element elementor-element-1d50aed elementor-widget elementor-widget-text-editor\" data-id=\"1d50aed\" data-element_type=\"widget\" data-e-type=\"widget\" data-widget_type=\"text-editor.default\">\n\t\t\t\t<div class=\"elementor-widget-container\">\n\t\t\t\t\t\t\t\t\t<p>A diferencia de otros enfoques, en la Acupuntura Coreana una misma dolencia puede requerir procedimientos distintos seg\u00fan la constituci\u00f3n individual de cada paciente. No nos basamos solo en el s\u00edndrome diagnosticado, sino en la <strong>naturaleza y caracter\u00edsticas \u00fanicas de cada cuerpo<\/strong>.<\/p>\t\t\t\t\t\t\t\t<\/div>\n\t\t\t\t<\/div>\n\t\t\t\t<\/div>\n\t\t<div class=\"elementor-element elementor-element-ce7386f e-con-full e-flex elementor-invisible e-con e-child\" data-id=\"ce7386f\" data-element_type=\"container\" data-e-type=\"container\" data-settings=\"{&quot;animation&quot;:&quot;fadeInUp&quot;}\">\n\t\t\t\t<div class=\"elementor-element elementor-element-ee1b055 elementor-cta--layout-image-above elementor-cta--valign-middle elementor-cta--skin-classic elementor-animated-content elementor-bg-transform elementor-bg-transform-zoom-in elementor-widget elementor-widget-call-to-action\" data-id=\"ee1b055\" data-element_type=\"widget\" data-e-type=\"widget\" data-widget_type=\"call-to-action.default\">\n\t\t\t\t<div class=\"elementor-widget-container\">\n\t\t\t\t\t\t\t<div class=\"elementor-cta\">\n\t\t\t\t\t<div class=\"elementor-cta__bg-wrapper\">\n\t\t\t\t<div class=\"elementor-cta__bg elementor-bg\" style=\"background-image: url(https:\/\/eskuterapiakager.com\/wp-content\/uploads\/2025\/02\/2148815318.jpg);\" role=\"img\" aria-label=\"2148815318\"><\/div>\n\t\t\t\t<div class=\"elementor-cta__bg-overlay\"><\/div>\n\t\t\t<\/div>\n\t\t\t\t\t\t\t\t<\/div>\n\t\t\t\t\t\t<\/div>\n\t\t\t\t<\/div>\n\t\t\t\t<div class=\"elementor-element elementor-element-e264cd8 elementor-widget elementor-widget-heading\" data-id=\"e264cd8\" data-element_type=\"widget\" data-e-type=\"widget\" data-widget_type=\"heading.default\">\n\t\t\t\t<div class=\"elementor-widget-container\">\n\t\t\t\t\t<h2 class=\"elementor-heading-title elementor-size-default\">Beneficios de la Acupuntura Coreana<\/h2>\t\t\t\t<\/div>\n\t\t\t\t<\/div>\n\t\t\t\t<div class=\"elementor-element elementor-element-127f243 elementor-widget elementor-widget-text-editor\" data-id=\"127f243\" data-element_type=\"widget\" data-e-type=\"widget\" data-widget_type=\"text-editor.default\">\n\t\t\t\t<div class=\"elementor-widget-container\">\n\t\t\t\t\t\t\t\t\t<p>La <strong>Acupuntura Coreana<\/strong> armoniza el cuerpo y la mente, equilibrando el flujo energ\u00e9tico y favoreciendo su autoregulaci\u00f3n. Ayuda a reducir el estr\u00e9s, aliviar el dolor, mejorar la movilidad y fortalecer el sistema inmunol\u00f3gico. Con un enfoque personalizado, ofrece una alternativa natural y efectiva para mejorar la salud y el bienestar.<\/p>\t\t\t\t\t\t\t\t<\/div>\n\t\t\t\t<\/div>\n\t\t\t\t<\/div>\n\t\t\t\t<\/div>\n\t\t\t\t<\/div>\n\t\t\t\t<\/div>","protected":false},"excerpt":{"rendered":"<p>Tratamientos personalizados para cada persona llamanos Nuestros servicios Esku Terapiak Ager , Equilibrio y bienestar a trav\u00e9s de la Acupuntura Coreana Un enfoque individualizado y profundo Nuestro m\u00e9todo parte de un diagn\u00f3stico detallado, basado en la observaci\u00f3n minuciosa de las caracter\u00edsticas f\u00edsicas, emocionales y energ\u00e9ticas de cada persona. No tratamos \u00fanicamente los s\u00edntomas, sino que [&hellip;]<\/p>\n","protected":false},"author":3,"featured_media":0,"parent":0,"menu_order":0,"comment_status":"closed","ping_status":"closed","template":"elementor_canvas","meta":{"footnotes":""},"class_list":["post-14","page","type-page","status-publish","hentry"],"yoast_head":"<!-- This site is optimized with the Yoast SEO plugin v27.5 - https:\/\/yoast.com\/product\/yoast-seo-wordpress\/ -->\n<title>Servicios - Esku Terapiak Ager<\/title>\n<meta name=\"robots\" content=\"index, follow, max-snippet:-1, max-image-preview:large, max-video-preview:-1\" \/>\n<link rel=\"canonical\" href=\"https:\/\/eskuterapiakager.com\/eu\/servicios\/\" \/>\n<meta property=\"og:locale\" content=\"en_US\" \/>\n<meta property=\"og:type\" content=\"article\" \/>\n<meta property=\"og:title\" content=\"Servicios - Esku Terapiak Ager\" \/>\n<meta property=\"og:description\" content=\"Tratamientos personalizados para cada persona llamanos Nuestros servicios Esku Terapiak Ager , Equilibrio y bienestar a trav\u00e9s de la Acupuntura Coreana Un enfoque individualizado y profundo Nuestro m\u00e9todo parte de un diagn\u00f3stico detallado, basado en la observaci\u00f3n minuciosa de las caracter\u00edsticas f\u00edsicas, emocionales y energ\u00e9ticas de cada persona. No tratamos \u00fanicamente los s\u00edntomas, sino que [&hellip;]\" \/>\n<meta property=\"og:url\" content=\"https:\/\/eskuterapiakager.com\/eu\/servicios\/\" \/>\n<meta property=\"og:site_name\" content=\"Esku Terapiak Ager\" \/>\n<meta property=\"article:modified_time\" content=\"2025-02-12T16:19:56+00:00\" \/>\n<meta name=\"twitter:card\" content=\"summary_large_image\" \/>\n<meta name=\"twitter:label1\" content=\"Est. reading time\" \/>\n\t<meta name=\"twitter:data1\" content=\"1 minutua\" \/>\n<script type=\"application\/ld+json\" class=\"yoast-schema-graph\">{\"@context\":\"https:\\\/\\\/schema.org\",\"@graph\":[{\"@type\":\"WebPage\",\"@id\":\"https:\\\/\\\/eskuterapiakager.com\\\/servicios\\\/\",\"url\":\"https:\\\/\\\/eskuterapiakager.com\\\/servicios\\\/\",\"name\":\"Servicios - Esku Terapiak Ager\",\"isPartOf\":{\"@id\":\"https:\\\/\\\/eskuterapiakager.com\\\/#website\"},\"datePublished\":\"2024-10-16T14:42:23+00:00\",\"dateModified\":\"2025-02-12T16:19:56+00:00\",\"breadcrumb\":{\"@id\":\"https:\\\/\\\/eskuterapiakager.com\\\/servicios\\\/#breadcrumb\"},\"inLanguage\":\"eu\",\"potentialAction\":[{\"@type\":\"ReadAction\",\"target\":[\"https:\\\/\\\/eskuterapiakager.com\\\/servicios\\\/\"]}]},{\"@type\":\"BreadcrumbList\",\"@id\":\"https:\\\/\\\/eskuterapiakager.com\\\/servicios\\\/#breadcrumb\",\"itemListElement\":[{\"@type\":\"ListItem\",\"position\":1,\"name\":\"Portada\",\"item\":\"https:\\\/\\\/eskuterapiakager.com\\\/\"},{\"@type\":\"ListItem\",\"position\":2,\"name\":\"Servicios\"}]},{\"@type\":\"WebSite\",\"@id\":\"https:\\\/\\\/eskuterapiakager.com\\\/#website\",\"url\":\"https:\\\/\\\/eskuterapiakager.com\\\/\",\"name\":\"Esku Terapiak Ager\",\"description\":\"Acupuntura Coreana\",\"publisher\":{\"@id\":\"https:\\\/\\\/eskuterapiakager.com\\\/#organization\"},\"potentialAction\":[{\"@type\":\"SearchAction\",\"target\":{\"@type\":\"EntryPoint\",\"urlTemplate\":\"https:\\\/\\\/eskuterapiakager.com\\\/?s={search_term_string}\"},\"query-input\":{\"@type\":\"PropertyValueSpecification\",\"valueRequired\":true,\"valueName\":\"search_term_string\"}}],\"inLanguage\":\"eu\"},{\"@type\":\"Organization\",\"@id\":\"https:\\\/\\\/eskuterapiakager.com\\\/#organization\",\"name\":\"Esku Terapiak Ager\",\"url\":\"https:\\\/\\\/eskuterapiakager.com\\\/\",\"logo\":{\"@type\":\"ImageObject\",\"inLanguage\":\"eu\",\"@id\":\"https:\\\/\\\/eskuterapiakager.com\\\/#\\\/schema\\\/logo\\\/image\\\/\",\"url\":\"https:\\\/\\\/eskuterapiakager.com\\\/wp-content\\\/uploads\\\/2024\\\/10\\\/cropped-Esku-Terapiak-Ager-1.png\",\"contentUrl\":\"https:\\\/\\\/eskuterapiakager.com\\\/wp-content\\\/uploads\\\/2024\\\/10\\\/cropped-Esku-Terapiak-Ager-1.png\",\"width\":500,\"height\":187,\"caption\":\"Esku Terapiak Ager\"},\"image\":{\"@id\":\"https:\\\/\\\/eskuterapiakager.com\\\/#\\\/schema\\\/logo\\\/image\\\/\"}}]}<\/script>\n<!-- \/ Yoast SEO plugin. -->","yoast_head_json":{"title":"Servicios - Esku Terapiak Ager","robots":{"index":"index","follow":"follow","max-snippet":"max-snippet:-1","max-image-preview":"max-image-preview:large","max-video-preview":"max-video-preview:-1"},"canonical":"https:\/\/eskuterapiakager.com\/eu\/servicios\/","og_locale":"en_US","og_type":"article","og_title":"Servicios - Esku Terapiak Ager","og_description":"Tratamientos personalizados para cada persona llamanos Nuestros servicios Esku Terapiak Ager , Equilibrio y bienestar a trav\u00e9s de la Acupuntura Coreana Un enfoque individualizado y profundo Nuestro m\u00e9todo parte de un diagn\u00f3stico detallado, basado en la observaci\u00f3n minuciosa de las caracter\u00edsticas f\u00edsicas, emocionales y energ\u00e9ticas de cada persona. No tratamos \u00fanicamente los s\u00edntomas, sino que [&hellip;]","og_url":"https:\/\/eskuterapiakager.com\/eu\/servicios\/","og_site_name":"Esku Terapiak Ager","article_modified_time":"2025-02-12T16:19:56+00:00","twitter_card":"summary_large_image","twitter_misc":{"Est. reading time":"1 minutua"},"schema":{"@context":"https:\/\/schema.org","@graph":[{"@type":"WebPage","@id":"https:\/\/eskuterapiakager.com\/servicios\/","url":"https:\/\/eskuterapiakager.com\/servicios\/","name":"Servicios - Esku Terapiak Ager","isPartOf":{"@id":"https:\/\/eskuterapiakager.com\/#website"},"datePublished":"2024-10-16T14:42:23+00:00","dateModified":"2025-02-12T16:19:56+00:00","breadcrumb":{"@id":"https:\/\/eskuterapiakager.com\/servicios\/#breadcrumb"},"inLanguage":"eu","potentialAction":[{"@type":"ReadAction","target":["https:\/\/eskuterapiakager.com\/servicios\/"]}]},{"@type":"BreadcrumbList","@id":"https:\/\/eskuterapiakager.com\/servicios\/#breadcrumb","itemListElement":[{"@type":"ListItem","position":1,"name":"Portada","item":"https:\/\/eskuterapiakager.com\/"},{"@type":"ListItem","position":2,"name":"Servicios"}]},{"@type":"WebSite","@id":"https:\/\/eskuterapiakager.com\/#website","url":"https:\/\/eskuterapiakager.com\/","name":"Esku Terapiak Ager","description":"Acupuntura Coreana","publisher":{"@id":"https:\/\/eskuterapiakager.com\/#organization"},"potentialAction":[{"@type":"SearchAction","target":{"@type":"EntryPoint","urlTemplate":"https:\/\/eskuterapiakager.com\/?s={search_term_string}"},"query-input":{"@type":"PropertyValueSpecification","valueRequired":true,"valueName":"search_term_string"}}],"inLanguage":"eu"},{"@type":"Organization","@id":"https:\/\/eskuterapiakager.com\/#organization","name":"Esku Terapiak Ager","url":"https:\/\/eskuterapiakager.com\/","logo":{"@type":"ImageObject","inLanguage":"eu","@id":"https:\/\/eskuterapiakager.com\/#\/schema\/logo\/image\/","url":"https:\/\/eskuterapiakager.com\/wp-content\/uploads\/2024\/10\/cropped-Esku-Terapiak-Ager-1.png","contentUrl":"https:\/\/eskuterapiakager.com\/wp-content\/uploads\/2024\/10\/cropped-Esku-Terapiak-Ager-1.png","width":500,"height":187,"caption":"Esku Terapiak Ager"},"image":{"@id":"https:\/\/eskuterapiakager.com\/#\/schema\/logo\/image\/"}}]}},"_links":{"self":[{"href":"https:\/\/eskuterapiakager.com\/eu\/wp-json\/wp\/v2\/pages\/14","targetHints":{"allow":["GET"]}}],"collection":[{"href":"https:\/\/eskuterapiakager.com\/eu\/wp-json\/wp\/v2\/pages"}],"about":[{"href":"https:\/\/eskuterapiakager.com\/eu\/wp-json\/wp\/v2\/types\/page"}],"author":[{"embeddable":true,"href":"https:\/\/eskuterapiakager.com\/eu\/wp-json\/wp\/v2\/users\/3"}],"replies":[{"embeddable":true,"href":"https:\/\/eskuterapiakager.com\/eu\/wp-json\/wp\/v2\/comments?post=14"}],"version-history":[{"count":516,"href":"https:\/\/eskuterapiakager.com\/eu\/wp-json\/wp\/v2\/pages\/14\/revisions"}],"predecessor-version":[{"id":2051,"href":"https:\/\/eskuterapiakager.com\/eu\/wp-json\/wp\/v2\/pages\/14\/revisions\/2051"}],"wp:attachment":[{"href":"https:\/\/eskuterapiakager.com\/eu\/wp-json\/wp\/v2\/media?parent=14"}],"curies":[{"name":"wp","href":"https:\/\/api.w.org\/{rel}","templated":true}]}}